{"id":1211,"date":"2025-10-13T13:45:01","date_gmt":"2025-10-13T13:45:01","guid":{"rendered":"https:\/\/jehtrucking.com\/?page_id=1211"},"modified":"2025-10-20T20:28:27","modified_gmt":"2025-10-20T20:28:27","slug":"servicios","status":"publish","type":"page","link":"https:\/\/jehtrucking.com\/es\/servicios\/","title":{"rendered":"Servicios"},"content":{"rendered":"<div data-elementor-type=\"wp-page\" data-elementor-id=\"1211\" class=\"elementor elementor-1211\" data-elementor-settings=\"{&quot;ha_cmc_init_switcher&quot;:&quot;no&quot;}\">\n\t\t\t\t\t\t<section class=\"elementor-section elementor-top-section elementor-element elementor-element-3dcf629 elementor-section-content-middle elementor-section-boxed elementor-section-height-default elementor-section-height-default wpr-particle-no wpr-jarallax-no wpr-parallax-no wpr-sticky-section-no wpr-equal-height-no\" data-id=\"3dcf629\" data-element_type=\"section\" data-e-type=\"section\" data-settings=\"{&quot;background_background&quot;:&quot;classic&quot;,&quot;_ha_eqh_enable&quot;:false}\">\n\t\t\t\t\t\t<div class=\"elementor-container elementor-column-gap-default\">\n\t\t\t\t\t<div class=\"elementor-column elementor-col-100 elementor-top-column elementor-element elementor-element-24d239b\" data-id=\"24d239b\" data-element_type=\"column\" data-e-type=\"column\">\n\t\t\t<div class=\"elementor-widget-wrap elementor-element-populated\">\n\t\t\t\t\t\t<div class=\"elementor-element elementor-element-14af958 elementor-widget elementor-widget-heading\" data-id=\"14af958\" data-element_type=\"widget\" data-e-type=\"widget\" data-widget_type=\"heading.default\">\n\t\t\t\t\t<h5 class=\"elementor-heading-title elementor-size-default\">Servicios<\/h5>\t\t\t\t<\/div>\n\t\t\t\t<div class=\"elementor-element elementor-element-0817cdd elementor-widget elementor-widget-image\" data-id=\"0817cdd\" data-element_type=\"widget\" data-e-type=\"widget\" data-widget_type=\"image.default\">\n\t\t\t\t\t\t\t\t\t\t\t\t\t\t\t<img decoding=\"async\" src=\"https:\/\/jehtrucking.com\/wp-content\/uploads\/2025\/10\/lineas.webp\" title=\"Land Cargo &#8211; Juan E. Hern\u00e1ndez Inc.\" alt=\"Land Cargo - Juan E. Hern\u00e1ndez Inc.\" loading=\"lazy\" \/>\t\t\t\t\t\t\t\t\t\t\t\t\t\t\t<\/div>\n\t\t\t\t<div class=\"elementor-element elementor-element-2895944 fondo elementor-widget elementor-widget-text-editor\" data-id=\"2895944\" data-element_type=\"widget\" data-e-type=\"widget\" data-widget_type=\"text-editor.default\">\n\t\t\t\t\t\t\t\t\t<ul style=\"list-style-type: none;\">\n \t<li>\u00a0Servicios de transporte<\/li>\n \t<li>\u00a0Alquiler y venta de contenedores<\/li>\n \t<li>\u00a0Servicios de mensajer\u00eda<\/li>\n \t<li>\u00a0Servicio de entrega a todo Puerto Rico<\/li>\n \t<li>\u00a0Compensaci\u00f3n de documentos<\/li>\n \t<li>\u00a0Negocios minoritarios<\/li>\n \t<li>\u00a0Transporte de carga general, incluidos desechos no peligrosos, desechos peligrosos y materiales explosivos.<\/li>\n \t<li>\u00a0Alquiler de almacenes.<\/li>\n<\/ul>\t\t\t\t\t\t\t\t<\/div>\n\t\t\t\t<div class=\"elementor-element elementor-element-7cd9646 elementor-widget elementor-widget-html\" data-id=\"7cd9646\" data-element_type=\"widget\" data-e-type=\"widget\" data-widget_type=\"html.default\">\n\t\t\t\t\t<style>\n   .fondo ul li::before {\n    content: \"\u25a0\";\n    color: #113c92;\n    padding-top: 125px !important;\n}\n<\/style>\t\t\t\t<\/div>\n\t\t\t\t\t<\/div>\n\t\t<\/div>\n\t\t\t\t\t<\/div>\n\t\t<\/section>\n\t\t\t\t<section class=\"elementor-section elementor-top-section elementor-element elementor-element-345e443 elementor-section-content-middle elementor-section-boxed elementor-section-height-default elementor-section-height-default wpr-particle-no wpr-jarallax-no wpr-parallax-no wpr-sticky-section-no wpr-equal-height-no\" data-id=\"345e443\" data-element_type=\"section\" data-e-type=\"section\" data-settings=\"{&quot;background_background&quot;:&quot;classic&quot;,&quot;_ha_eqh_enable&quot;:false}\">\n\t\t\t\t\t\t<div class=\"elementor-container elementor-column-gap-default\">\n\t\t\t\t\t<div class=\"elementor-column elementor-col-100 elementor-top-column elementor-element elementor-element-3da787a\" data-id=\"3da787a\" data-element_type=\"column\" data-e-type=\"column\">\n\t\t\t<div class=\"elementor-widget-wrap elementor-element-populated\">\n\t\t\t\t\t\t<div class=\"elementor-element elementor-element-e771308 elementor-widget elementor-widget-heading\" data-id=\"e771308\" data-element_type=\"widget\" data-e-type=\"widget\" data-widget_type=\"heading.default\">\n\t\t\t\t\t<h5 class=\"elementor-heading-title elementor-size-default\">Permisos Y Certificaciones<\/h5>\t\t\t\t<\/div>\n\t\t\t\t<div class=\"elementor-element elementor-element-2bb0b7e elementor-widget__width-initial e-transform e-transform elementor-widget-divider--view-line elementor-widget elementor-widget-divider\" data-id=\"2bb0b7e\" data-element_type=\"widget\" data-e-type=\"widget\" data-settings=\"{&quot;_transform_translateX_effect&quot;:{&quot;unit&quot;:&quot;px&quot;,&quot;size&quot;:244,&quot;sizes&quot;:[]},&quot;_transform_translateX_effect_mobile&quot;:{&quot;unit&quot;:&quot;px&quot;,&quot;size&quot;:125,&quot;sizes&quot;:[]},&quot;_transform_skewX_effect&quot;:{&quot;unit&quot;:&quot;px&quot;,&quot;size&quot;:30,&quot;sizes&quot;:[]},&quot;_transform_translateX_effect_laptop&quot;:{&quot;unit&quot;:&quot;px&quot;,&quot;size&quot;:&quot;&quot;,&quot;sizes&quot;:[]},&quot;_transform_translateX_effect_tablet&quot;:{&quot;unit&quot;:&quot;px&quot;,&quot;size&quot;:&quot;&quot;,&quot;sizes&quot;:[]},&quot;_transform_translateY_effect&quot;:{&quot;unit&quot;:&quot;px&quot;,&quot;size&quot;:&quot;&quot;,&quot;sizes&quot;:[]},&quot;_transform_translateY_effect_laptop&quot;:{&quot;unit&quot;:&quot;px&quot;,&quot;size&quot;:&quot;&quot;,&quot;sizes&quot;:[]},&quot;_transform_translateY_effect_tablet&quot;:{&quot;unit&quot;:&quot;px&quot;,&quot;size&quot;:&quot;&quot;,&quot;sizes&quot;:[]},&quot;_transform_translateY_effect_mobile&quot;:{&quot;unit&quot;:&quot;px&quot;,&quot;size&quot;:&quot;&quot;,&quot;sizes&quot;:[]},&quot;_transform_skewX_effect_laptop&quot;:{&quot;unit&quot;:&quot;deg&quot;,&quot;size&quot;:&quot;&quot;,&quot;sizes&quot;:[]},&quot;_transform_skewX_effect_tablet&quot;:{&quot;unit&quot;:&quot;deg&quot;,&quot;size&quot;:&quot;&quot;,&quot;sizes&quot;:[]},&quot;_transform_skewX_effect_mobile&quot;:{&quot;unit&quot;:&quot;deg&quot;,&quot;size&quot;:&quot;&quot;,&quot;sizes&quot;:[]},&quot;_transform_skewY_effect&quot;:{&quot;unit&quot;:&quot;px&quot;,&quot;size&quot;:&quot;&quot;,&quot;sizes&quot;:[]},&quot;_transform_skewY_effect_laptop&quot;:{&quot;unit&quot;:&quot;deg&quot;,&quot;size&quot;:&quot;&quot;,&quot;sizes&quot;:[]},&quot;_transform_skewY_effect_tablet&quot;:{&quot;unit&quot;:&quot;deg&quot;,&quot;size&quot;:&quot;&quot;,&quot;sizes&quot;:[]},&quot;_transform_skewY_effect_mobile&quot;:{&quot;unit&quot;:&quot;deg&quot;,&quot;size&quot;:&quot;&quot;,&quot;sizes&quot;:[]}}\" data-widget_type=\"divider.default\">\n\t\t\t\t\t\t\t<div class=\"elementor-divider\">\n\t\t\t<span class=\"elementor-divider-separator\">\n\t\t\t\t\t\t<\/span>\n\t\t<\/div>\n\t\t\t\t\t\t<\/div>\n\t\t\t\t<div class=\"elementor-element elementor-element-7369157 elementor-widget elementor-widget-text-editor\" data-id=\"7369157\" data-element_type=\"widget\" data-e-type=\"widget\" data-widget_type=\"text-editor.default\">\n\t\t\t\t\t\t\t\t\t<ul>\n \t<li>Empresa comercial minoritaria de buena fe (PRSDC)<\/li>\n \t<li>Comisio\u0301n de Servicio Pu\u0301blico, Permiso No. TCG-5906<\/li>\n \t<li>Departamento de Transporte de EE. UU. No. 022284<\/li>\n \t<li>Certificado de registro de materiales peligrosos del DOT de EE. UU. N \u00b0 060315 550 049XZ<\/li>\n \t<li>EPA, Permiso No. PRD-090220732<\/li>\n \t<li>Junta de Calidad Ambiental, Permiso de Residuos Peligrosos No. HW-12 (57 tractores incluidos)<\/li>\n \t<li>Junta de Calidad Ambiental, Permiso de Residuos No Peligrosos No. SR-07-0122<\/li>\n \t<li>Socio comercial de la Agencia de logi\u0301stica del Departamento de Defensa de EE. UU.<\/li>\n \t<li>Certificacio\u0301n SCAC<\/li>\n \t<li>Miembro del NMFTA: HZJE<\/li>\n<\/ul>\t\t\t\t\t\t\t\t<\/div>\n\t\t\t\t\t<\/div>\n\t\t<\/div>\n\t\t\t\t\t<\/div>\n\t\t<\/section>\n\t\t\t\t<\/div>","protected":false},"excerpt":{"rendered":"<p>Services \u00a0Transportation Services \u00a0Container Rental and Sales \u00a0Courier Services \u00a0Delivery Service Throughout Puerto Rico \u00a0Document Clearing \u00a0Minority Business \u00a0Transportation of general cargo, including non-hazardous waste, hazardous waste, explosives, and Oxford \u00a0Warehouse Rental Permits And Certifications Bona Fide Minority Business Enterprise (PRSDC) Public Service Commission, Permit No. TCG-5906 U.S. Department of Transportation Reg. No. 022284 U.S. DOT Hazardous Material Certificate of Registration No. 060315 550 049XZ EPA, Permit No. PRD-090220732 Environmental Quality Board, Hazardous Waste Permit No. HW-12 (57 tractors included) Environmental Quality Board, Non-Hazardous Waste Permit No. SR-07-0122 U.S. Dept. of Defense logistics Agency trading partner SCAC Certification NMFTA Member: HZJE<\/p>","protected":false},"author":2,"featured_media":0,"parent":0,"menu_order":0,"comment_status":"closed","ping_status":"closed","template":"elementor_header_footer","meta":{"footnotes":""},"class_list":["post-1211","page","type-page","status-publish","hentry"],"yoast_head":"<!-- This site is optimized with the Yoast SEO plugin v27.4 - https:\/\/yoast.com\/product\/yoast-seo-wordpress\/ -->\n<title>Land Cargo | Juan E Hern\u00e1ndez Inc. | Arecibo | Puerto Rico<\/title>\n<meta name=\"description\" content=\"Juan E. Hern\u00e1ndez Inc is a locally, owned family business incorporated in 1969. Our founder the late Juan E. Hern\u00e1ndez started businers in 1956. Today after 43 years of experience ans hard work a second generation manages it continuing with the same legacy and dedication.\" \/>\n<meta name=\"robots\" content=\"index, follow, max-snippet:-1, max-image-preview:large, max-video-preview:-1\" \/>\n<link rel=\"canonical\" href=\"https:\/\/jehtrucking.com\/es\/servicios\/\" \/>\n<meta property=\"og:locale\" content=\"es_ES\" \/>\n<meta property=\"og:type\" content=\"article\" \/>\n<meta property=\"og:title\" content=\"Land Cargo | Juan E Hern\u00e1ndez Inc. | Arecibo | Puerto Rico\" \/>\n<meta property=\"og:description\" content=\"Juan E. Hern\u00e1ndez Inc is a locally, owned family business incorporated in 1969. Our founder the late Juan E. Hern\u00e1ndez started businers in 1956. Today after 43 years of experience ans hard work a second generation manages it continuing with the same legacy and dedication.\" \/>\n<meta property=\"og:url\" content=\"https:\/\/jehtrucking.com\/es\/servicios\/\" \/>\n<meta property=\"og:site_name\" content=\"Juan E Hern\u00e1ndez Inc.\" \/>\n<meta property=\"article:modified_time\" content=\"2025-10-20T20:28:27+00:00\" \/>\n<meta property=\"og:image\" content=\"https:\/\/jehtrucking.com\/wp-content\/uploads\/2025\/10\/lineas.webp\" \/>\n<meta name=\"twitter:card\" content=\"summary_large_image\" \/>\n<meta name=\"twitter:label1\" content=\"Est. reading time\" \/>\n\t<meta name=\"twitter:data1\" content=\"1 minuto\" \/>\n<script type=\"application\/ld+json\" class=\"yoast-schema-graph\">{\"@context\":\"https:\\\/\\\/schema.org\",\"@graph\":[{\"@type\":\"WebPage\",\"@id\":\"https:\\\/\\\/jehtrucking.com\\\/services\\\/\",\"url\":\"https:\\\/\\\/jehtrucking.com\\\/services\\\/\",\"name\":\"Land Cargo | Juan E Hern\u00e1ndez Inc. | Arecibo | Puerto Rico\",\"isPartOf\":{\"@id\":\"https:\\\/\\\/jehtrucking.com\\\/#website\"},\"primaryImageOfPage\":{\"@id\":\"https:\\\/\\\/jehtrucking.com\\\/services\\\/#primaryimage\"},\"image\":{\"@id\":\"https:\\\/\\\/jehtrucking.com\\\/services\\\/#primaryimage\"},\"thumbnailUrl\":\"https:\\\/\\\/jehtrucking.com\\\/wp-content\\\/uploads\\\/2025\\\/10\\\/lineas.webp\",\"datePublished\":\"2025-10-13T13:45:01+00:00\",\"dateModified\":\"2025-10-20T20:28:27+00:00\",\"description\":\"Juan E. Hern\u00e1ndez Inc is a locally, owned family business incorporated in 1969. Our founder the late Juan E. Hern\u00e1ndez started businers in 1956. Today after 43 years of experience ans hard work a second generation manages it continuing with the same legacy and dedication.\",\"breadcrumb\":{\"@id\":\"https:\\\/\\\/jehtrucking.com\\\/services\\\/#breadcrumb\"},\"inLanguage\":\"es\",\"potentialAction\":[{\"@type\":\"ReadAction\",\"target\":[\"https:\\\/\\\/jehtrucking.com\\\/services\\\/\"]}]},{\"@type\":\"ImageObject\",\"inLanguage\":\"es\",\"@id\":\"https:\\\/\\\/jehtrucking.com\\\/services\\\/#primaryimage\",\"url\":\"https:\\\/\\\/jehtrucking.com\\\/wp-content\\\/uploads\\\/2025\\\/10\\\/lineas.webp\",\"contentUrl\":\"https:\\\/\\\/jehtrucking.com\\\/wp-content\\\/uploads\\\/2025\\\/10\\\/lineas.webp\"},{\"@type\":\"BreadcrumbList\",\"@id\":\"https:\\\/\\\/jehtrucking.com\\\/services\\\/#breadcrumb\",\"itemListElement\":[{\"@type\":\"ListItem\",\"position\":1,\"name\":\"Home\",\"item\":\"https:\\\/\\\/jehtrucking.com\\\/\"},{\"@type\":\"ListItem\",\"position\":2,\"name\":\"Services\"}]},{\"@type\":\"WebSite\",\"@id\":\"https:\\\/\\\/jehtrucking.com\\\/#website\",\"url\":\"https:\\\/\\\/jehtrucking.com\\\/\",\"name\":\"Juan E. Hern\u00e1ndez Inc.\",\"description\":\"Land Cargo\",\"publisher\":{\"@id\":\"https:\\\/\\\/jehtrucking.com\\\/#organization\"},\"alternateName\":\"Juan E. Hern\u00e1ndez Inc.\",\"potentialAction\":[{\"@type\":\"SearchAction\",\"target\":{\"@type\":\"EntryPoint\",\"urlTemplate\":\"https:\\\/\\\/jehtrucking.com\\\/?s={search_term_string}\"},\"query-input\":{\"@type\":\"PropertyValueSpecification\",\"valueRequired\":true,\"valueName\":\"search_term_string\"}}],\"inLanguage\":\"es\"},{\"@type\":\"Organization\",\"@id\":\"https:\\\/\\\/jehtrucking.com\\\/#organization\",\"name\":\"Juan E. Hern\u00e1ndez Inc.\",\"alternateName\":\"Juan E. Hern\u00e1ndez Inc.\",\"url\":\"https:\\\/\\\/jehtrucking.com\\\/\",\"logo\":{\"@type\":\"ImageObject\",\"inLanguage\":\"es\",\"@id\":\"https:\\\/\\\/jehtrucking.com\\\/#\\\/schema\\\/logo\\\/image\\\/\",\"url\":\"https:\\\/\\\/jehtrucking.com\\\/wp-content\\\/uploads\\\/2025\\\/10\\\/favicon.webp\",\"contentUrl\":\"https:\\\/\\\/jehtrucking.com\\\/wp-content\\\/uploads\\\/2025\\\/10\\\/favicon.webp\",\"width\":281,\"height\":256,\"caption\":\"Juan E. Hern\u00e1ndez Inc.\"},\"image\":{\"@id\":\"https:\\\/\\\/jehtrucking.com\\\/#\\\/schema\\\/logo\\\/image\\\/\"}}]}<\/script>\n<!-- \/ Yoast SEO plugin. -->","yoast_head_json":{"title":"Land Cargo | Juan E Hern\u00e1ndez Inc. | Arecibo | Puerto Rico","description":"Juan E. Herna\u0301ndez, Inc. es una empresa local familiar incorporada en 1969. Nuestro fundador, el fallecido Juan E. Herna\u0301ndez, inicio\u0301 el negocio en 1956. Hoy, despue\u0301s de 50 an\u0303os de experiencia y duro trabajo, una segunda generacio\u0301n maneja el legado de Don Herna\u0301ndez, con la misma dedicacio\u0301n y duro trabajo que su fundador les inculco\u0301.","robots":{"index":"index","follow":"follow","max-snippet":"max-snippet:-1","max-image-preview":"max-image-preview:large","max-video-preview":"max-video-preview:-1"},"canonical":"https:\/\/jehtrucking.com\/es\/servicios\/","og_locale":"es_ES","og_type":"article","og_title":"Land Cargo | Juan E Hern\u00e1ndez Inc. | Arecibo | Puerto Rico","og_description":"Juan E. Hern\u00e1ndez Inc is a locally, owned family business incorporated in 1969. Our founder the late Juan E. Hern\u00e1ndez started businers in 1956. Today after 43 years of experience ans hard work a second generation manages it continuing with the same legacy and dedication.","og_url":"https:\/\/jehtrucking.com\/es\/servicios\/","og_site_name":"Juan E Hern\u00e1ndez Inc.","article_modified_time":"2025-10-20T20:28:27+00:00","og_image":[{"url":"https:\/\/jehtrucking.com\/wp-content\/uploads\/2025\/10\/lineas.webp","type":"","width":"","height":""}],"twitter_card":"summary_large_image","twitter_misc":{"Est. reading time":"1 minuto"},"schema":{"@context":"https:\/\/schema.org","@graph":[{"@type":"WebPage","@id":"https:\/\/jehtrucking.com\/services\/","url":"https:\/\/jehtrucking.com\/services\/","name":"Land Cargo | Juan E Hern\u00e1ndez Inc. | Arecibo | Puerto Rico","isPartOf":{"@id":"https:\/\/jehtrucking.com\/#website"},"primaryImageOfPage":{"@id":"https:\/\/jehtrucking.com\/services\/#primaryimage"},"image":{"@id":"https:\/\/jehtrucking.com\/services\/#primaryimage"},"thumbnailUrl":"https:\/\/jehtrucking.com\/wp-content\/uploads\/2025\/10\/lineas.webp","datePublished":"2025-10-13T13:45:01+00:00","dateModified":"2025-10-20T20:28:27+00:00","description":"Juan E. Herna\u0301ndez, Inc. es una empresa local familiar incorporada en 1969. Nuestro fundador, el fallecido Juan E. Herna\u0301ndez, inicio\u0301 el negocio en 1956. Hoy, despue\u0301s de 50 an\u0303os de experiencia y duro trabajo, una segunda generacio\u0301n maneja el legado de Don Herna\u0301ndez, con la misma dedicacio\u0301n y duro trabajo que su fundador les inculco\u0301.","breadcrumb":{"@id":"https:\/\/jehtrucking.com\/services\/#breadcrumb"},"inLanguage":"es","potentialAction":[{"@type":"ReadAction","target":["https:\/\/jehtrucking.com\/services\/"]}]},{"@type":"ImageObject","inLanguage":"es","@id":"https:\/\/jehtrucking.com\/services\/#primaryimage","url":"https:\/\/jehtrucking.com\/wp-content\/uploads\/2025\/10\/lineas.webp","contentUrl":"https:\/\/jehtrucking.com\/wp-content\/uploads\/2025\/10\/lineas.webp"},{"@type":"BreadcrumbList","@id":"https:\/\/jehtrucking.com\/services\/#breadcrumb","itemListElement":[{"@type":"ListItem","position":1,"name":"Home","item":"https:\/\/jehtrucking.com\/"},{"@type":"ListItem","position":2,"name":"Services"}]},{"@type":"WebSite","@id":"https:\/\/jehtrucking.com\/#website","url":"https:\/\/jehtrucking.com\/","name":"Juan E. Hern\u00e1ndez Inc.","description":"Land Cargo","publisher":{"@id":"https:\/\/jehtrucking.com\/#organization"},"alternateName":"Juan E. Hern\u00e1ndez Inc.","potentialAction":[{"@type":"SearchAction","target":{"@type":"EntryPoint","urlTemplate":"https:\/\/jehtrucking.com\/?s={search_term_string}"},"query-input":{"@type":"PropertyValueSpecification","valueRequired":true,"valueName":"search_term_string"}}],"inLanguage":"es"},{"@type":"Organization","@id":"https:\/\/jehtrucking.com\/#organization","name":"Juan E. Hern\u00e1ndez Inc.","alternateName":"Juan E. Hern\u00e1ndez Inc.","url":"https:\/\/jehtrucking.com\/","logo":{"@type":"ImageObject","inLanguage":"es","@id":"https:\/\/jehtrucking.com\/#\/schema\/logo\/image\/","url":"https:\/\/jehtrucking.com\/wp-content\/uploads\/2025\/10\/favicon.webp","contentUrl":"https:\/\/jehtrucking.com\/wp-content\/uploads\/2025\/10\/favicon.webp","width":281,"height":256,"caption":"Juan E. Hern\u00e1ndez Inc."},"image":{"@id":"https:\/\/jehtrucking.com\/#\/schema\/logo\/image\/"}}]}},"_hostinger_reach_plugin_has_subscription_block":false,"_hostinger_reach_plugin_is_elementor":false,"_links":{"self":[{"href":"https:\/\/jehtrucking.com\/es\/wp-json\/wp\/v2\/pages\/1211","targetHints":{"allow":["GET"]}}],"collection":[{"href":"https:\/\/jehtrucking.com\/es\/wp-json\/wp\/v2\/pages"}],"about":[{"href":"https:\/\/jehtrucking.com\/es\/wp-json\/wp\/v2\/types\/page"}],"author":[{"embeddable":true,"href":"https:\/\/jehtrucking.com\/es\/wp-json\/wp\/v2\/users\/2"}],"replies":[{"embeddable":true,"href":"https:\/\/jehtrucking.com\/es\/wp-json\/wp\/v2\/comments?post=1211"}],"version-history":[{"count":34,"href":"https:\/\/jehtrucking.com\/es\/wp-json\/wp\/v2\/pages\/1211\/revisions"}],"predecessor-version":[{"id":1417,"href":"https:\/\/jehtrucking.com\/es\/wp-json\/wp\/v2\/pages\/1211\/revisions\/1417"}],"wp:attachment":[{"href":"https:\/\/jehtrucking.com\/es\/wp-json\/wp\/v2\/media?parent=1211"}],"curies":[{"name":"wp","href":"https:\/\/api.w.org\/{rel}","templated":true}]}}