{"id":1112,"date":"2025-04-24T20:13:15","date_gmt":"2025-04-24T20:13:15","guid":{"rendered":"https:\/\/jehtrucking.com\/inicio\/"},"modified":"2025-10-21T13:49:49","modified_gmt":"2025-10-21T13:49:49","slug":"carga-terrestre","status":"publish","type":"page","link":"https:\/\/jehtrucking.com\/es\/","title":{"rendered":"Nosotros"},"content":{"rendered":"<div data-elementor-type=\"wp-page\" data-elementor-id=\"1112\" class=\"elementor elementor-1112\" data-elementor-settings=\"{&quot;ha_cmc_init_switcher&quot;:&quot;no&quot;}\">\n\t\t\t\t\t\t<section class=\"elementor-section elementor-top-section elementor-element elementor-element-c58051f elementor-section-content-middle elementor-section-boxed elementor-section-height-default elementor-section-height-default wpr-particle-no wpr-jarallax-no wpr-parallax-no wpr-sticky-section-no wpr-equal-height-no\" data-id=\"c58051f\" data-element_type=\"section\" data-e-type=\"section\" data-settings=\"{&quot;background_background&quot;:&quot;classic&quot;,&quot;_ha_eqh_enable&quot;:false}\">\n\t\t\t\t\t\t<div class=\"elementor-container elementor-column-gap-default\">\n\t\t\t\t\t<div class=\"elementor-column elementor-col-50 elementor-top-column elementor-element elementor-element-3b4ef51\" data-id=\"3b4ef51\" data-element_type=\"column\" data-e-type=\"column\">\n\t\t\t<div class=\"elementor-widget-wrap elementor-element-populated\">\n\t\t\t\t\t\t<div class=\"elementor-element elementor-element-57f2be3 elementor-widget elementor-widget-heading\" data-id=\"57f2be3\" data-element_type=\"widget\" data-e-type=\"widget\" data-widget_type=\"heading.default\">\n\t\t\t\t\t<h1 class=\"elementor-heading-title elementor-size-default\">Juan E Hern\u00e1ndez Inc. Transporte de Carga<\/h1>\t\t\t\t<\/div>\n\t\t\t\t<div class=\"elementor-element elementor-element-74f9fa6 elementor-widget elementor-widget-image\" data-id=\"74f9fa6\" data-element_type=\"widget\" data-e-type=\"widget\" data-widget_type=\"image.default\">\n\t\t\t\t\t\t\t\t\t\t\t\t\t\t\t<img decoding=\"async\" src=\"https:\/\/jehtrucking.com\/wp-content\/uploads\/2025\/10\/lineas.webp\" title=\"Land Cargo &#8211; Juan E. Hern\u00e1ndez Inc.\" alt=\"Land Cargo - Juan E. Hern\u00e1ndez Inc.\" loading=\"lazy\" \/>\t\t\t\t\t\t\t\t\t\t\t\t\t\t\t<\/div>\n\t\t\t\t<div class=\"elementor-element elementor-element-ebdeb46 elementor-widget elementor-widget-text-editor\" data-id=\"ebdeb46\" data-element_type=\"widget\" data-e-type=\"widget\" data-widget_type=\"text-editor.default\">\n\t\t\t\t\t\t\t\t\tJuan E. Hern\u00e1ndez Inc. es una empresa familiar de propiedad local constituida en 1969. Nuestro fundador, el difunto Juan E. Hern\u00e1ndez, inici\u00f3 el negocio en 1956. Hoy, con m\u00e1s de 50 a\u00f1os de experiencia y trabajo duro, una segunda generaci\u00f3n lo administra y contin\u00faa con el mismo legado y dedicaci\u00f3n.\t\t\t\t\t\t\t\t<\/div>\n\t\t\t\t<div class=\"elementor-element elementor-element-9684db7 elementor-widget elementor-widget-text-editor\" data-id=\"9684db7\" data-element_type=\"widget\" data-e-type=\"widget\" data-widget_type=\"text-editor.default\">\n\t\t\t\t\t\t\t\t\tEmpresa con un alto compromiso con un servicio a tiempo confiable, los ma\u0301s altos esta\u0301ndares de seguridad, los mejores seguros de proteccio\u0301n y precios personalizados y competitivos todo parte de los servicios de calidad que brindamos a nuestros clientes. Tambie\u0301n hemos adoptado los principios o la filosofi\u0301a que nuestro fundador siempre siguio\u0301: \"Responsabilidad y compromiso con nuestros clientes que dara\u0301 como resultado relaciones a largo plazo, crecimiento futuro y estabilidad financiera\".\t\t\t\t\t\t\t\t<\/div>\n\t\t\t\t\t<\/div>\n\t\t<\/div>\n\t\t\t\t<div class=\"elementor-column elementor-col-50 elementor-top-column elementor-element elementor-element-bad0f90\" data-id=\"bad0f90\" data-element_type=\"column\" data-e-type=\"column\">\n\t\t\t<div class=\"elementor-widget-wrap elementor-element-populated\">\n\t\t\t\t\t\t<div class=\"elementor-element elementor-element-65d7c61 elementor-widget elementor-widget-image\" data-id=\"65d7c61\" data-element_type=\"widget\" data-e-type=\"widget\" data-widget_type=\"image.default\">\n\t\t\t\t\t\t\t\t\t\t\t\t\t\t\t<img decoding=\"async\" src=\"https:\/\/jehtrucking.com\/wp-content\/uploads\/2025\/10\/nosotros.webp\" title=\"Land Cargo &#8211; Juan E. Hern\u00e1ndez Inc.\" alt=\"Land Cargo - Juan E. Hern\u00e1ndez Inc.\" loading=\"lazy\" \/>\t\t\t\t\t\t\t\t\t\t\t\t\t\t\t<\/div>\n\t\t\t\t\t<\/div>\n\t\t<\/div>\n\t\t\t\t\t<\/div>\n\t\t<\/section>\n\t\t\t\t<section class=\"elementor-section elementor-top-section elementor-element elementor-element-9e73271 elementor-section-content-middle elementor-section-boxed elementor-section-height-default elementor-section-height-default wpr-particle-no wpr-jarallax-no wpr-parallax-no wpr-sticky-section-no wpr-equal-height-no\" data-id=\"9e73271\" data-element_type=\"section\" data-e-type=\"section\" data-settings=\"{&quot;background_background&quot;:&quot;classic&quot;,&quot;_ha_eqh_enable&quot;:false}\">\n\t\t\t\t\t\t<div class=\"elementor-container elementor-column-gap-default\">\n\t\t\t\t\t<div class=\"elementor-column elementor-col-50 elementor-top-column elementor-element elementor-element-d961862\" data-id=\"d961862\" data-element_type=\"column\" data-e-type=\"column\">\n\t\t\t<div class=\"elementor-widget-wrap elementor-element-populated\">\n\t\t\t\t\t\t<div class=\"elementor-element elementor-element-e8ec383 elementor-widget elementor-widget-image\" data-id=\"e8ec383\" data-element_type=\"widget\" data-e-type=\"widget\" data-widget_type=\"image.default\">\n\t\t\t\t\t\t\t\t\t\t\t\t\t\t\t<img decoding=\"async\" src=\"https:\/\/jehtrucking.com\/wp-content\/uploads\/2025\/10\/detalles.webp\" title=\"Land Cargo &#8211; Juan E. Hern\u00e1ndez Inc.\" alt=\"Land Cargo - Juan E. Hern\u00e1ndez Inc.\" loading=\"lazy\" \/>\t\t\t\t\t\t\t\t\t\t\t\t\t\t\t<\/div>\n\t\t\t\t\t<\/div>\n\t\t<\/div>\n\t\t\t\t<div class=\"elementor-column elementor-col-50 elementor-top-column elementor-element elementor-element-27a6533\" data-id=\"27a6533\" data-element_type=\"column\" data-e-type=\"column\">\n\t\t\t<div class=\"elementor-widget-wrap elementor-element-populated\">\n\t\t\t\t\t\t<div class=\"elementor-element elementor-element-5830634 elementor-widget elementor-widget-heading\" data-id=\"5830634\" data-element_type=\"widget\" data-e-type=\"widget\" data-widget_type=\"heading.default\">\n\t\t\t\t\t<h5 class=\"elementor-heading-title elementor-size-default\">Detalles de la Compa\u00f1\u00eda<\/h5>\t\t\t\t<\/div>\n\t\t\t\t<div class=\"elementor-element elementor-element-fb1b592 elementor-widget__width-initial e-transform e-transform elementor-widget-divider--view-line elementor-widget elementor-widget-divider\" data-id=\"fb1b592\" data-element_type=\"widget\" data-e-type=\"widget\" data-settings=\"{&quot;_transform_translateX_effect&quot;:{&quot;unit&quot;:&quot;px&quot;,&quot;size&quot;:244,&quot;sizes&quot;:[]},&quot;_transform_translateX_effect_mobile&quot;:{&quot;unit&quot;:&quot;px&quot;,&quot;size&quot;:125,&quot;sizes&quot;:[]},&quot;_transform_skewX_effect&quot;:{&quot;unit&quot;:&quot;px&quot;,&quot;size&quot;:30,&quot;sizes&quot;:[]},&quot;_transform_translateX_effect_laptop&quot;:{&quot;unit&quot;:&quot;px&quot;,&quot;size&quot;:&quot;&quot;,&quot;sizes&quot;:[]},&quot;_transform_translateX_effect_tablet&quot;:{&quot;unit&quot;:&quot;px&quot;,&quot;size&quot;:&quot;&quot;,&quot;sizes&quot;:[]},&quot;_transform_translateY_effect&quot;:{&quot;unit&quot;:&quot;px&quot;,&quot;size&quot;:&quot;&quot;,&quot;sizes&quot;:[]},&quot;_transform_translateY_effect_laptop&quot;:{&quot;unit&quot;:&quot;px&quot;,&quot;size&quot;:&quot;&quot;,&quot;sizes&quot;:[]},&quot;_transform_translateY_effect_tablet&quot;:{&quot;unit&quot;:&quot;px&quot;,&quot;size&quot;:&quot;&quot;,&quot;sizes&quot;:[]},&quot;_transform_translateY_effect_mobile&quot;:{&quot;unit&quot;:&quot;px&quot;,&quot;size&quot;:&quot;&quot;,&quot;sizes&quot;:[]},&quot;_transform_skewX_effect_laptop&quot;:{&quot;unit&quot;:&quot;deg&quot;,&quot;size&quot;:&quot;&quot;,&quot;sizes&quot;:[]},&quot;_transform_skewX_effect_tablet&quot;:{&quot;unit&quot;:&quot;deg&quot;,&quot;size&quot;:&quot;&quot;,&quot;sizes&quot;:[]},&quot;_transform_skewX_effect_mobile&quot;:{&quot;unit&quot;:&quot;deg&quot;,&quot;size&quot;:&quot;&quot;,&quot;sizes&quot;:[]},&quot;_transform_skewY_effect&quot;:{&quot;unit&quot;:&quot;px&quot;,&quot;size&quot;:&quot;&quot;,&quot;sizes&quot;:[]},&quot;_transform_skewY_effect_laptop&quot;:{&quot;unit&quot;:&quot;deg&quot;,&quot;size&quot;:&quot;&quot;,&quot;sizes&quot;:[]},&quot;_transform_skewY_effect_tablet&quot;:{&quot;unit&quot;:&quot;deg&quot;,&quot;size&quot;:&quot;&quot;,&quot;sizes&quot;:[]},&quot;_transform_skewY_effect_mobile&quot;:{&quot;unit&quot;:&quot;deg&quot;,&quot;size&quot;:&quot;&quot;,&quot;sizes&quot;:[]}}\" data-widget_type=\"divider.default\">\n\t\t\t\t\t\t\t<div class=\"elementor-divider\">\n\t\t\t<span class=\"elementor-divider-separator\">\n\t\t\t\t\t\t<\/span>\n\t\t<\/div>\n\t\t\t\t\t\t<\/div>\n\t\t\t\t<div class=\"elementor-element elementor-element-f825807 elementor-widget elementor-widget-text-editor\" data-id=\"f825807\" data-element_type=\"widget\" data-e-type=\"widget\" data-widget_type=\"text-editor.default\">\n\t\t\t\t\t\t\t\t\t<ul style=\"padding: 0px;\">\n \t<li>Conductores libres de drogas y alcohol (nuestros conductores son evaluados al azar durante el an\u0303o)<\/li>\n \t<li>Conductores capacitados en materiales peligrosos segu\u0301n las regulaciones del gobierno local y federal<\/li>\n \t<li>Edificio de mantenimiento para reparaciones internas de nuestra flota<\/li>\n \t<li>Oficinas ubicadas estrate\u0301gicamente cerca de los puertos de Puerto Rico o las autopistas principales<\/li>\n \t<li>Una de las compan\u0303i\u0301as de camiones ma\u0301s grandes y antiguas de Puerto Rico.<\/li>\n \t<li>Ma\u0301s de 50 an\u0303os sirviendo a Puerto Rico<\/li>\n<\/ul>\t\t\t\t\t\t\t\t<\/div>\n\t\t\t\t\t<\/div>\n\t\t<\/div>\n\t\t\t\t\t<\/div>\n\t\t<\/section>\n\t\t\t\t<\/div>","protected":false},"excerpt":{"rendered":"<p>Juan E Hern\u00e1ndez Inc. Transporte de Carga Juan E. Hernandez Inc. is a locally owned, family-owned business established in 1969. Our founder, the late Juan E. Hernandez, started the business in 1956. Today, with over 50 years of experience and hard work, a second generation manages it and continues the same legacy and dedication.The commitment to reliable on time service, the highest standards of safety, superior Insurance protection and customized and competitive pricing are part of the quality services we provide to our customers. We have also adopted the principles and philosophy that our founder always followed: &#8220;Responsibility and commitment to our clients that will result in long term relationships, future growth and financial stability&#8221; Company Details Drug and alcohol-free drivers (our drivers are randomly tested throughout the year) Hazmat trained drivers in compliance with local and federal regulations Maintenance building for in-house fleet repairs Offices strategically located near Puerto Rico ports or main highways One of Puerto Rico\u2019s oldest and largest trucking companies Serving Puerto Rico for more than 50 years<\/p>","protected":false},"author":1,"featured_media":1230,"parent":0,"menu_order":0,"comment_status":"closed","ping_status":"closed","template":"elementor_header_footer","meta":{"footnotes":""},"class_list":["post-1112","page","type-page","status-publish","has-post-thumbnail","hentry"],"yoast_head":"<!-- This site is optimized with the Yoast SEO plugin v27.4 - https:\/\/yoast.com\/product\/yoast-seo-wordpress\/ -->\n<title>Land Cargo | Juan E Hern\u00e1ndez Inc. | Arecibo | Puerto Rico<\/title>\n<meta name=\"description\" content=\"Is a locally, owned family business incorporated in 1969. Our founder the late Juan E. Hern\u00e1ndez started businers in 1956.\" \/>\n<meta name=\"robots\" content=\"index, follow, max-snippet:-1, max-image-preview:large, max-video-preview:-1\" \/>\n<link rel=\"canonical\" href=\"https:\/\/jehtrucking.com\/es\/\" \/>\n<meta property=\"og:locale\" content=\"es_ES\" \/>\n<meta property=\"og:type\" content=\"article\" \/>\n<meta property=\"og:title\" content=\"Land Cargo | Juan E Hern\u00e1ndez Inc. | Arecibo | Puerto Rico\" \/>\n<meta property=\"og:description\" content=\"Is a locally, owned family business incorporated in 1969. Our founder the late Juan E. Hern\u00e1ndez started businers in 1956.\" \/>\n<meta property=\"og:url\" content=\"https:\/\/jehtrucking.com\/es\/\" \/>\n<meta property=\"og:site_name\" content=\"Juan E Hern\u00e1ndez Inc.\" \/>\n<meta property=\"article:modified_time\" content=\"2025-10-21T13:49:49+00:00\" \/>\n<meta property=\"og:image\" content=\"https:\/\/jehtrucking.com\/wp-content\/uploads\/2025\/10\/logo.webp\" \/>\n\t<meta property=\"og:image:width\" content=\"1200\" \/>\n\t<meta property=\"og:image:height\" content=\"256\" \/>\n\t<meta property=\"og:image:type\" content=\"image\/webp\" \/>\n<meta name=\"twitter:card\" content=\"summary_large_image\" \/>\n<meta name=\"twitter:title\" content=\"Land Cargo | Juan E Hern\u00e1ndez Inc. | Arecibo | Puerto Rico\" \/>\n<meta name=\"twitter:description\" content=\"Is a locally, owned family business incorporated in 1969. Our founder the late Juan E. Hern\u00e1ndez started businers in 1956.\" \/>\n<meta name=\"twitter:image\" content=\"https:\/\/jehtrucking.com\/wp-content\/uploads\/2025\/10\/logo.webp\" \/>\n<meta name=\"twitter:label1\" content=\"Est. reading time\" \/>\n\t<meta name=\"twitter:data1\" content=\"1 minuto\" \/>\n<script type=\"application\/ld+json\" class=\"yoast-schema-graph\">{\"@context\":\"https:\\\/\\\/schema.org\",\"@graph\":[{\"@type\":\"WebPage\",\"@id\":\"https:\\\/\\\/jehtrucking.com\\\/\",\"url\":\"https:\\\/\\\/jehtrucking.com\\\/\",\"name\":\"Land Cargo | Juan E Hern\u00e1ndez Inc. | Arecibo | Puerto Rico\",\"isPartOf\":{\"@id\":\"https:\\\/\\\/jehtrucking.com\\\/#website\"},\"primaryImageOfPage\":{\"@id\":\"https:\\\/\\\/jehtrucking.com\\\/#primaryimage\"},\"image\":{\"@id\":\"https:\\\/\\\/jehtrucking.com\\\/#primaryimage\"},\"thumbnailUrl\":\"https:\\\/\\\/jehtrucking.com\\\/wp-content\\\/uploads\\\/2025\\\/10\\\/favicon.webp\",\"datePublished\":\"2025-04-24T20:13:15+00:00\",\"dateModified\":\"2025-10-21T13:49:49+00:00\",\"description\":\"Is a locally, owned family business incorporated in 1969. Our founder the late Juan E. Hern\u00e1ndez started businers in 1956.\",\"breadcrumb\":{\"@id\":\"https:\\\/\\\/jehtrucking.com\\\/#breadcrumb\"},\"inLanguage\":\"es\",\"potentialAction\":[{\"@type\":\"ReadAction\",\"target\":[\"https:\\\/\\\/jehtrucking.com\\\/\"]}]},{\"@type\":\"ImageObject\",\"inLanguage\":\"es\",\"@id\":\"https:\\\/\\\/jehtrucking.com\\\/#primaryimage\",\"url\":\"https:\\\/\\\/jehtrucking.com\\\/wp-content\\\/uploads\\\/2025\\\/10\\\/favicon.webp\",\"contentUrl\":\"https:\\\/\\\/jehtrucking.com\\\/wp-content\\\/uploads\\\/2025\\\/10\\\/favicon.webp\",\"width\":281,\"height\":256,\"caption\":\"Land Cargo - Juan E. Hern\u00e1ndez Inc.\"},{\"@type\":\"BreadcrumbList\",\"@id\":\"https:\\\/\\\/jehtrucking.com\\\/#breadcrumb\",\"itemListElement\":[{\"@type\":\"ListItem\",\"position\":1,\"name\":\"Home\",\"item\":\"https:\\\/\\\/jehtrucking.com\\\/\"},{\"@type\":\"ListItem\",\"position\":2,\"name\":\"About Us\"}]},{\"@type\":\"WebSite\",\"@id\":\"https:\\\/\\\/jehtrucking.com\\\/#website\",\"url\":\"https:\\\/\\\/jehtrucking.com\\\/\",\"name\":\"Juan E. Hern\u00e1ndez Inc.\",\"description\":\"Land Cargo\",\"publisher\":{\"@id\":\"https:\\\/\\\/jehtrucking.com\\\/#organization\"},\"alternateName\":\"Juan E. Hern\u00e1ndez Inc.\",\"potentialAction\":[{\"@type\":\"SearchAction\",\"target\":{\"@type\":\"EntryPoint\",\"urlTemplate\":\"https:\\\/\\\/jehtrucking.com\\\/?s={search_term_string}\"},\"query-input\":{\"@type\":\"PropertyValueSpecification\",\"valueRequired\":true,\"valueName\":\"search_term_string\"}}],\"inLanguage\":\"es\"},{\"@type\":\"Organization\",\"@id\":\"https:\\\/\\\/jehtrucking.com\\\/#organization\",\"name\":\"Juan E. Hern\u00e1ndez Inc.\",\"alternateName\":\"Juan E. Hern\u00e1ndez Inc.\",\"url\":\"https:\\\/\\\/jehtrucking.com\\\/\",\"logo\":{\"@type\":\"ImageObject\",\"inLanguage\":\"es\",\"@id\":\"https:\\\/\\\/jehtrucking.com\\\/#\\\/schema\\\/logo\\\/image\\\/\",\"url\":\"https:\\\/\\\/jehtrucking.com\\\/wp-content\\\/uploads\\\/2025\\\/10\\\/favicon.webp\",\"contentUrl\":\"https:\\\/\\\/jehtrucking.com\\\/wp-content\\\/uploads\\\/2025\\\/10\\\/favicon.webp\",\"width\":281,\"height\":256,\"caption\":\"Juan E. Hern\u00e1ndez Inc.\"},\"image\":{\"@id\":\"https:\\\/\\\/jehtrucking.com\\\/#\\\/schema\\\/logo\\\/image\\\/\"}}]}<\/script>\n<!-- \/ Yoast SEO plugin. -->","yoast_head_json":{"title":"Land Cargo | Juan E Hern\u00e1ndez Inc. | Arecibo | Puerto Rico","description":"Es una empresa local familiar incorporada en 1969. Nuestro fundador, el fallecido Juan E. Herna\u0301ndez, inicio\u0301 el negocio en 1956.","robots":{"index":"index","follow":"follow","max-snippet":"max-snippet:-1","max-image-preview":"max-image-preview:large","max-video-preview":"max-video-preview:-1"},"canonical":"https:\/\/jehtrucking.com\/es\/","og_locale":"es_ES","og_type":"article","og_title":"Land Cargo | Juan E Hern\u00e1ndez Inc. | Arecibo | Puerto Rico","og_description":"Is a locally, owned family business incorporated in 1969. Our founder the late Juan E. Hern\u00e1ndez started businers in 1956.","og_url":"https:\/\/jehtrucking.com\/es\/","og_site_name":"Juan E Hern\u00e1ndez Inc.","article_modified_time":"2025-10-21T13:49:49+00:00","og_image":[{"width":1200,"height":256,"url":"https:\/\/jehtrucking.com\/wp-content\/uploads\/2025\/10\/logo.webp","type":"image\/webp"}],"twitter_card":"summary_large_image","twitter_title":"Land Cargo | Juan E Hern\u00e1ndez Inc. | Arecibo | Puerto Rico","twitter_description":"Is a locally, owned family business incorporated in 1969. Our founder the late Juan E. Hern\u00e1ndez started businers in 1956.","twitter_image":"https:\/\/jehtrucking.com\/wp-content\/uploads\/2025\/10\/logo.webp","twitter_misc":{"Est. reading time":"1 minuto"},"schema":{"@context":"https:\/\/schema.org","@graph":[{"@type":"WebPage","@id":"https:\/\/jehtrucking.com\/","url":"https:\/\/jehtrucking.com\/","name":"Land Cargo | Juan E Hern\u00e1ndez Inc. | Arecibo | Puerto Rico","isPartOf":{"@id":"https:\/\/jehtrucking.com\/#website"},"primaryImageOfPage":{"@id":"https:\/\/jehtrucking.com\/#primaryimage"},"image":{"@id":"https:\/\/jehtrucking.com\/#primaryimage"},"thumbnailUrl":"https:\/\/jehtrucking.com\/wp-content\/uploads\/2025\/10\/favicon.webp","datePublished":"2025-04-24T20:13:15+00:00","dateModified":"2025-10-21T13:49:49+00:00","description":"Es una empresa local familiar incorporada en 1969. Nuestro fundador, el fallecido Juan E. Herna\u0301ndez, inicio\u0301 el negocio en 1956.","breadcrumb":{"@id":"https:\/\/jehtrucking.com\/#breadcrumb"},"inLanguage":"es","potentialAction":[{"@type":"ReadAction","target":["https:\/\/jehtrucking.com\/"]}]},{"@type":"ImageObject","inLanguage":"es","@id":"https:\/\/jehtrucking.com\/#primaryimage","url":"https:\/\/jehtrucking.com\/wp-content\/uploads\/2025\/10\/favicon.webp","contentUrl":"https:\/\/jehtrucking.com\/wp-content\/uploads\/2025\/10\/favicon.webp","width":281,"height":256,"caption":"Land Cargo - Juan E. Hern\u00e1ndez Inc."},{"@type":"BreadcrumbList","@id":"https:\/\/jehtrucking.com\/#breadcrumb","itemListElement":[{"@type":"ListItem","position":1,"name":"Home","item":"https:\/\/jehtrucking.com\/"},{"@type":"ListItem","position":2,"name":"About Us"}]},{"@type":"WebSite","@id":"https:\/\/jehtrucking.com\/#website","url":"https:\/\/jehtrucking.com\/","name":"Juan E. Hern\u00e1ndez Inc.","description":"Land Cargo","publisher":{"@id":"https:\/\/jehtrucking.com\/#organization"},"alternateName":"Juan E. Hern\u00e1ndez Inc.","potentialAction":[{"@type":"SearchAction","target":{"@type":"EntryPoint","urlTemplate":"https:\/\/jehtrucking.com\/?s={search_term_string}"},"query-input":{"@type":"PropertyValueSpecification","valueRequired":true,"valueName":"search_term_string"}}],"inLanguage":"es"},{"@type":"Organization","@id":"https:\/\/jehtrucking.com\/#organization","name":"Juan E. Hern\u00e1ndez Inc.","alternateName":"Juan E. Hern\u00e1ndez Inc.","url":"https:\/\/jehtrucking.com\/","logo":{"@type":"ImageObject","inLanguage":"es","@id":"https:\/\/jehtrucking.com\/#\/schema\/logo\/image\/","url":"https:\/\/jehtrucking.com\/wp-content\/uploads\/2025\/10\/favicon.webp","contentUrl":"https:\/\/jehtrucking.com\/wp-content\/uploads\/2025\/10\/favicon.webp","width":281,"height":256,"caption":"Juan E. Hern\u00e1ndez Inc."},"image":{"@id":"https:\/\/jehtrucking.com\/#\/schema\/logo\/image\/"}}]}},"_hostinger_reach_plugin_has_subscription_block":false,"_hostinger_reach_plugin_is_elementor":false,"_links":{"self":[{"href":"https:\/\/jehtrucking.com\/es\/wp-json\/wp\/v2\/pages\/1112","targetHints":{"allow":["GET"]}}],"collection":[{"href":"https:\/\/jehtrucking.com\/es\/wp-json\/wp\/v2\/pages"}],"about":[{"href":"https:\/\/jehtrucking.com\/es\/wp-json\/wp\/v2\/types\/page"}],"author":[{"embeddable":true,"href":"https:\/\/jehtrucking.com\/es\/wp-json\/wp\/v2\/users\/1"}],"replies":[{"embeddable":true,"href":"https:\/\/jehtrucking.com\/es\/wp-json\/wp\/v2\/comments?post=1112"}],"version-history":[{"count":50,"href":"https:\/\/jehtrucking.com\/es\/wp-json\/wp\/v2\/pages\/1112\/revisions"}],"predecessor-version":[{"id":1421,"href":"https:\/\/jehtrucking.com\/es\/wp-json\/wp\/v2\/pages\/1112\/revisions\/1421"}],"wp:featuredmedia":[{"embeddable":true,"href":"https:\/\/jehtrucking.com\/es\/wp-json\/wp\/v2\/media\/1230"}],"wp:attachment":[{"href":"https:\/\/jehtrucking.com\/es\/wp-json\/wp\/v2\/media?parent=1112"}],"curies":[{"name":"wp","href":"https:\/\/api.w.org\/{rel}","templated":true}]}}